{"id":2604,"date":"2023-05-04T11:24:20","date_gmt":"2023-05-04T11:24:20","guid":{"rendered":"https:\/\/ashtanga.qodeinteractive.com\/?page_id=2604"},"modified":"2025-03-22T17:48:56","modified_gmt":"2025-03-22T16:48:56","slug":"ressources","status":"publish","type":"page","link":"https:\/\/www.de-terre-en-etoiles.com\/index.php\/ressources\/","title":{"rendered":"Ressources"},"content":{"rendered":"\t\t<div data-elementor-type=\"wp-page\" data-elementor-id=\"2604\" class=\"elementor elementor-2604\">\n\t\t\t\t\t\t<section class=\"elementor-section elementor-top-section elementor-element elementor-element-1d27d77 elementor-section-full_width elementor-section-height-default elementor-section-height-default\" data-id=\"1d27d77\" data-element_type=\"section\">\n\t\t\t\t\t\t<div class=\"elementor-container elementor-column-gap-default\">\n\t\t\t\t\t<div class=\"elementor-column elementor-col-100 elementor-top-column elementor-element elementor-element-06e87d9\" data-id=\"06e87d9\" data-element_type=\"column\">\n\t\t\t<div class=\"elementor-widget-wrap elementor-element-populated\">\n\t\t\t\t\t\t<div class=\"elementor-element elementor-element-1687581 elementor-widget elementor-widget-ashtanga_core_custom_font\" data-id=\"1687581\" data-element_type=\"widget\" data-widget_type=\"ashtanga_core_custom_font.default\">\n\t\t\t\t<div class=\"elementor-widget-container\">\n\t\t\t<p class=\"qodef-shortcode qodef-m  qodef-custom-font qodef-custom-font-549 qodef-layout--simple   \" style=\"color: #242E56;font-family: Edensor;font-size: 180px;text-transform: uppercase\"   >\n\t<span class=\"qodef-custom-font-inner\">\n\t\tRessources\t<\/span>\n<\/p>\n\t\t<\/div>\n\t\t\t\t<\/div>\n\t\t\t\t\t<\/div>\n\t\t<\/div>\n\t\t\t\t\t<\/div>\n\t\t<\/section>\n\t\t<div class=\"elementor-element elementor-element-07af259 e-flex e-con-boxed e-con e-parent\" data-id=\"07af259\" data-element_type=\"container\" data-settings=\"{&quot;background_background&quot;:&quot;classic&quot;,&quot;content_width&quot;:&quot;boxed&quot;}\" data-core-v316-plus=\"true\">\n\t\t\t\t\t<div class=\"e-con-inner\">\n\t\t<div class=\"elementor-element elementor-element-d29ef27 e-con-full e-flex e-con e-child\" data-id=\"d29ef27\" data-element_type=\"container\" data-settings=\"{&quot;content_width&quot;:&quot;full&quot;}\">\n\t\t\t\t<div class=\"elementor-element elementor-element-a95961e image-border-radius elementor-widget elementor-widget-ashtanga_core_image_with_text\" data-id=\"a95961e\" data-element_type=\"widget\" data-widget_type=\"ashtanga_core_image_with_text.default\">\n\t\t\t\t<div class=\"elementor-widget-container\">\n\t\t\t<div class=\"qodef-shortcode qodef-m  qodef-image-with-text qodef-layout--text-below  \">\n\t<div class=\"qodef-m-image\">\n\t\t\t<a itemprop=\"url\" href=\"https:\/\/www.pranayu.org\/\" target=\"_self\">\n\t\t\t<img fetchpriority=\"high\" decoding=\"async\" width=\"800\" height=\"800\" src=\"https:\/\/www.de-terre-en-etoiles.com\/wp-content\/uploads\/2024\/01\/DSC02885-1-e1705070349109.jpeg\" class=\"attachment-full size-full\" alt=\"\" srcset=\"https:\/\/www.de-terre-en-etoiles.com\/wp-content\/uploads\/2024\/01\/DSC02885-1-e1705070349109.jpeg 800w, https:\/\/www.de-terre-en-etoiles.com\/wp-content\/uploads\/2024\/01\/DSC02885-1-e1705070349109-300x300.jpeg 300w, https:\/\/www.de-terre-en-etoiles.com\/wp-content\/uploads\/2024\/01\/DSC02885-1-e1705070349109-150x150.jpeg 150w, https:\/\/www.de-terre-en-etoiles.com\/wp-content\/uploads\/2024\/01\/DSC02885-1-e1705070349109-768x768.jpeg 768w, https:\/\/www.de-terre-en-etoiles.com\/wp-content\/uploads\/2024\/01\/DSC02885-1-e1705070349109-650x650.jpeg 650w\" sizes=\"(max-width: 800px) 100vw, 800px\" \/>\t\t\t<\/a>\n\t<\/div>\n\t<div class=\"qodef-m-content\">\n\t\t\t<h4 class=\"qodef-m-title\" style=\"color: #242E56\">\n\t\t\t\t\t<a itemprop=\"url\" href=\"https:\/\/www.pranayu.org\/\" target=\"_self\">\n\t\t\t\t\tPRANAYU\t\t\t\t\t<\/a>\n\t\t\t<\/h4>\n\t\t\t<p class=\"qodef-m-text\" style=\"color: #242E56\">L&#039;Association Pranayu est une magnifique association qui vise \u00e0 collecter les savoirs aborig\u00e8nes ancestraux en Inde, prot\u00e9ger la sant\u00e9 par la biodiversit\u00e9 et la s\u00e9curit\u00e9 alimentaire, promouvoir l&#039;agro\u00e9cologie , \u00e9duquer et prot\u00e9ger les enfants ( projet d&#039;un orphelinat).\nElle est une mine d&#039;informations sur l&#039;Ayurv\u00e9da et la nourriture v\u00e9dique.\nUne partie de mes recettes est revers\u00e9e \u00e0 cette association (la moiti\u00e9 de celle des cercles de pardon).<\/p>\n\t<\/div>\n<\/div>\n\t\t<\/div>\n\t\t\t\t<\/div>\n\t\t\t\t<div class=\"elementor-element elementor-element-1456b1c elementor-widget elementor-widget-heading\" data-id=\"1456b1c\" data-element_type=\"widget\" data-widget_type=\"heading.default\">\n\t\t\t\t<div class=\"elementor-widget-container\">\n\t\t\t<style>\/*! elementor - v3.19.0 - 28-02-2024 *\/\n.elementor-heading-title{padding:0;margin:0;line-height:1}.elementor-widget-heading .elementor-heading-title[class*=elementor-size-]>a{color:inherit;font-size:inherit;line-height:inherit}.elementor-widget-heading .elementor-heading-title.elementor-size-small{font-size:15px}.elementor-widget-heading .elementor-heading-title.elementor-size-medium{font-size:19px}.elementor-widget-heading .elementor-heading-title.elementor-size-large{font-size:29px}.elementor-widget-heading .elementor-heading-title.elementor-size-xl{font-size:39px}.elementor-widget-heading .elementor-heading-title.elementor-size-xxl{font-size:59px}<\/style><h2 class=\"elementor-heading-title elementor-size-default\">Ajoutez votre titre ici<\/h2>\t\t<\/div>\n\t\t\t\t<\/div>\n\t\t\t\t<div class=\"elementor-element elementor-element-32e858e elementor-widget elementor-widget-ashtanga_core_image_with_text\" data-id=\"32e858e\" data-element_type=\"widget\" data-widget_type=\"ashtanga_core_image_with_text.default\">\n\t\t\t\t<div class=\"elementor-widget-container\">\n\t\t\t<div class=\"qodef-shortcode qodef-m  qodef-image-with-text qodef-layout--text-below  \">\n\t<div class=\"qodef-m-image\">\n\t\t\t<img decoding=\"async\" width=\"800\" height=\"1114\" src=\"https:\/\/www.de-terre-en-etoiles.com\/wp-content\/uploads\/2024\/02\/510UzNmh2wL._SL1114_-1.jpg\" class=\"attachment-full size-full\" alt=\"\" srcset=\"https:\/\/www.de-terre-en-etoiles.com\/wp-content\/uploads\/2024\/02\/510UzNmh2wL._SL1114_-1.jpg 800w, https:\/\/www.de-terre-en-etoiles.com\/wp-content\/uploads\/2024\/02\/510UzNmh2wL._SL1114_-1-215x300.jpg 215w, https:\/\/www.de-terre-en-etoiles.com\/wp-content\/uploads\/2024\/02\/510UzNmh2wL._SL1114_-1-735x1024.jpg 735w, https:\/\/www.de-terre-en-etoiles.com\/wp-content\/uploads\/2024\/02\/510UzNmh2wL._SL1114_-1-768x1069.jpg 768w\" sizes=\"(max-width: 800px) 100vw, 800px\" \/>\t<\/div>\n\t<div class=\"qodef-m-content\">\n\t\t\t<h4 class=\"qodef-m-title\" style=\"color: #242E56\">\n\t\t\t\t\tLe Don du Pardon de Olivier Clerc\t\t\t<\/h4>\n\t\t\t<p class=\"qodef-m-text\" style=\"color: #242E56\">Ce livre nous expose d&#039;une fa\u00e7on lumineuse le rituel des Cercles de Pardon, et une vision moderne du pardon.<\/p>\n\t<\/div>\n<\/div>\n\t\t<\/div>\n\t\t\t\t<\/div>\n\t\t\t\t<\/div>\n\t\t<div class=\"elementor-element elementor-element-cf5c0e3 e-con-full e-flex e-con e-child\" data-id=\"cf5c0e3\" data-element_type=\"container\" data-settings=\"{&quot;content_width&quot;:&quot;full&quot;}\">\n\t\t\t\t<div class=\"elementor-element elementor-element-296265d elementor-widget elementor-widget-ashtanga_core_image_with_text\" data-id=\"296265d\" data-element_type=\"widget\" data-widget_type=\"ashtanga_core_image_with_text.default\">\n\t\t\t\t<div class=\"elementor-widget-container\">\n\t\t\t<div class=\"qodef-shortcode qodef-m  qodef-image-with-text qodef-layout--text-below  \">\n\t<div class=\"qodef-m-image\">\n\t\t\t<a itemprop=\"url\" href=\"https:\/\/yogadelafemme.org\/\" target=\"_self\">\n\t\t\t<img decoding=\"async\" width=\"1024\" height=\"1024\" src=\"https:\/\/www.de-terre-en-etoiles.com\/wp-content\/uploads\/2024\/01\/main-004-v1-1024x1024-1.jpeg\" class=\"attachment-full size-full\" alt=\"\" srcset=\"https:\/\/www.de-terre-en-etoiles.com\/wp-content\/uploads\/2024\/01\/main-004-v1-1024x1024-1.jpeg 1024w, https:\/\/www.de-terre-en-etoiles.com\/wp-content\/uploads\/2024\/01\/main-004-v1-1024x1024-1-300x300.jpeg 300w, https:\/\/www.de-terre-en-etoiles.com\/wp-content\/uploads\/2024\/01\/main-004-v1-1024x1024-1-150x150.jpeg 150w, https:\/\/www.de-terre-en-etoiles.com\/wp-content\/uploads\/2024\/01\/main-004-v1-1024x1024-1-768x768.jpeg 768w, https:\/\/www.de-terre-en-etoiles.com\/wp-content\/uploads\/2024\/01\/main-004-v1-1024x1024-1-650x650.jpeg 650w\" sizes=\"(max-width: 1024px) 100vw, 1024px\" \/>\t\t\t<\/a>\n\t<\/div>\n\t<div class=\"qodef-m-content\">\n\t\t\t<h4 class=\"qodef-m-title\" style=\"color: #242E56\">\n\t\t\t\t\t<a itemprop=\"url\" href=\"https:\/\/yogadelafemme.org\/\" target=\"_self\">\n\t\t\t\t\tYoga de la femme\t\t\t\t\t<\/a>\n\t\t\t<\/h4>\n\t\t\t<p class=\"qodef-m-text\" style=\"color: #242E56\">Site et studio de Yoga d\u00e9di\u00e9 aux Femmes, qui est tr\u00e8s inspirant pour moi.<\/p>\n\t<\/div>\n<\/div>\n\t\t<\/div>\n\t\t\t\t<\/div>\n\t\t\t\t<div class=\"elementor-element elementor-element-c669cea animated-fast elementor-widget elementor-widget-video\" data-id=\"c669cea\" data-element_type=\"widget\" data-settings=\"{&quot;youtube_url&quot;:&quot;https:\\\/\\\/www.youtube.com\\\/watch?v=9fcNFGWE8n0&amp;ab_channel=ValerieSeguinFILMS&quot;,&quot;show_image_overlay&quot;:&quot;yes&quot;,&quot;image_overlay&quot;:{&quot;url&quot;:&quot;http:\\\/\\\/www.de-terre-en-etoiles.com\\\/wp-content\\\/uploads\\\/2024\\\/01\\\/lame.jpg&quot;,&quot;id&quot;:13268,&quot;size&quot;:&quot;&quot;,&quot;alt&quot;:&quot;&quot;,&quot;source&quot;:&quot;library&quot;},&quot;_animation&quot;:&quot;none&quot;,&quot;video_type&quot;:&quot;youtube&quot;}\" data-widget_type=\"video.default\">\n\t\t\t\t<div class=\"elementor-widget-container\">\n\t\t\t<style>\/*! elementor - v3.19.0 - 28-02-2024 *\/\n.elementor-widget-video .elementor-widget-container{overflow:hidden;transform:translateZ(0)}.elementor-widget-video .elementor-wrapper{aspect-ratio:var(--video-aspect-ratio)}.elementor-widget-video .elementor-wrapper iframe,.elementor-widget-video .elementor-wrapper video{height:100%;width:100%;display:flex;border:none;background-color:#000}@supports not (aspect-ratio:1\/1){.elementor-widget-video .elementor-wrapper{position:relative;overflow:hidden;height:0;padding-bottom:calc(100% \/ var(--video-aspect-ratio))}.elementor-widget-video .elementor-wrapper iframe,.elementor-widget-video .elementor-wrapper video{position:absolute;top:0;right:0;bottom:0;left:0}}.elementor-widget-video .elementor-open-inline .elementor-custom-embed-image-overlay{position:absolute;top:0;right:0;bottom:0;left:0;background-size:cover;background-position:50%}.elementor-widget-video .elementor-custom-embed-image-overlay{cursor:pointer;text-align:center}.elementor-widget-video .elementor-custom-embed-image-overlay:hover .elementor-custom-embed-play i{opacity:1}.elementor-widget-video .elementor-custom-embed-image-overlay img{display:block;width:100%;aspect-ratio:var(--video-aspect-ratio);-o-object-fit:cover;object-fit:cover;-o-object-position:center center;object-position:center center}@supports not (aspect-ratio:1\/1){.elementor-widget-video .elementor-custom-embed-image-overlay{position:relative;overflow:hidden;height:0;padding-bottom:calc(100% \/ var(--video-aspect-ratio))}.elementor-widget-video .elementor-custom-embed-image-overlay img{position:absolute;top:0;right:0;bottom:0;left:0}}.elementor-widget-video .e-hosted-video .elementor-video{-o-object-fit:cover;object-fit:cover}.e-con-inner>.elementor-widget-video,.e-con>.elementor-widget-video{width:var(--container-widget-width);--flex-grow:var(--container-widget-flex-grow)}<\/style>\t\t<div class=\"elementor-wrapper elementor-open-inline\">\n\t\t\t<div class=\"elementor-video\"><\/div>\t\t\t\t<div class=\"elementor-custom-embed-image-overlay\" style=\"background-image: url(https:\/\/www.de-terre-en-etoiles.com\/wp-content\/uploads\/2024\/01\/lame.jpg);\">\n\t\t\t\t\t\t\t\t\t\t\t\t\t\t\t\t<div class=\"elementor-custom-embed-play\" role=\"button\" aria-label=\"Play Video\" tabindex=\"0\">\n\t\t\t\t\t\t\t<svg aria-hidden=\"true\" class=\"e-font-icon-svg e-eicon-play\" viewBox=\"0 0 1000 1000\" xmlns=\"http:\/\/www.w3.org\/2000\/svg\"><path d=\"M838 162C746 71 633 25 500 25 371 25 258 71 163 162 71 254 25 367 25 500 25 633 71 746 163 837 254 929 367 979 500 979 633 979 746 933 838 837 929 746 975 633 975 500 975 367 929 254 838 162M808 192C892 279 933 379 933 500 933 621 892 725 808 808 725 892 621 938 500 938 379 938 279 896 196 808 113 725 67 621 67 500 67 379 108 279 196 192 279 108 383 62 500 62 621 62 721 108 808 192M438 392V642L642 517 438 392Z\"><\/path><\/svg>\t\t\t\t\t\t\t<span class=\"elementor-screen-only\">Play Video<\/span>\n\t\t\t\t\t\t<\/div>\n\t\t\t\t\t\t\t\t\t<\/div>\n\t\t\t\t\t<\/div>\n\t\t\t\t<\/div>\n\t\t\t\t<\/div>\n\t\t\t\t<div class=\"elementor-element elementor-element-f536dbf elementor-widget elementor-widget-ashtanga_core_image_with_text\" data-id=\"f536dbf\" data-element_type=\"widget\" data-widget_type=\"ashtanga_core_image_with_text.default\">\n\t\t\t\t<div class=\"elementor-widget-container\">\n\t\t\t<div class=\"qodef-shortcode qodef-m  qodef-image-with-text qodef-layout--text-below  \">\n\t\t<div class=\"qodef-m-content\">\n\t\t\t<h4 class=\"qodef-m-title\" style=\"color: #242E56\">\n\t\t\t\t\t<a itemprop=\"url\" href=\"https:\/\/www.youtube.com\/watch?v=9fcNFGWE8n0&#038;ab_channel=ValerieSeguinFILMS\" target=\"_self\">\n\t\t\t\t\tL&#039;\u00e2me de Val\u00e9rie Seguin\t\t\t\t\t<\/a>\n\t\t\t<\/h4>\n\t\t\t<p class=\"qodef-m-text\" style=\"color: #242E56\">Magnifique film documentaire, fin, sensible, lumineux, qui met avec justesse des mots sur les ressentis, les manifestations de notre \u00e2me, et les moyens d&#039;en \u00e9couter plus facilement les \u00e9lans.<\/p>\n\t<\/div>\n<\/div>\n\t\t<\/div>\n\t\t\t\t<\/div>\n\t\t\t\t<\/div>\n\t\t<div class=\"elementor-element elementor-element-009a8a3 e-con-full e-flex e-con e-child\" data-id=\"009a8a3\" data-element_type=\"container\" data-settings=\"{&quot;content_width&quot;:&quot;full&quot;}\">\n\t\t\t\t<div class=\"elementor-element elementor-element-75ff179 elementor-widget elementor-widget-video\" data-id=\"75ff179\" data-element_type=\"widget\" data-settings=\"{&quot;youtube_url&quot;:&quot;https:\\\/\\\/www.youtube.com\\\/watch?v=f6MDfpY9AZA&amp;ab_channel=l%27EffetPardon-lefilm&quot;,&quot;show_image_overlay&quot;:&quot;yes&quot;,&quot;image_overlay&quot;:{&quot;url&quot;:&quot;http:\\\/\\\/www.de-terre-en-etoiles.com\\\/wp-content\\\/uploads\\\/2024\\\/01\\\/Pardon.jpg&quot;,&quot;id&quot;:13242,&quot;size&quot;:&quot;&quot;,&quot;alt&quot;:&quot;&quot;,&quot;source&quot;:&quot;library&quot;},&quot;video_type&quot;:&quot;youtube&quot;}\" data-widget_type=\"video.default\">\n\t\t\t\t<div class=\"elementor-widget-container\">\n\t\t\t\t\t<div class=\"elementor-wrapper elementor-open-inline\">\n\t\t\t<div class=\"elementor-video\"><\/div>\t\t\t\t<div class=\"elementor-custom-embed-image-overlay\" style=\"background-image: url(https:\/\/www.de-terre-en-etoiles.com\/wp-content\/uploads\/2024\/01\/Pardon.jpg);\">\n\t\t\t\t\t\t\t\t\t\t\t\t\t\t\t\t<div class=\"elementor-custom-embed-play\" role=\"button\" aria-label=\"Play Video\" tabindex=\"0\">\n\t\t\t\t\t\t\t<svg aria-hidden=\"true\" class=\"e-font-icon-svg e-eicon-play\" viewBox=\"0 0 1000 1000\" xmlns=\"http:\/\/www.w3.org\/2000\/svg\"><path d=\"M838 162C746 71 633 25 500 25 371 25 258 71 163 162 71 254 25 367 25 500 25 633 71 746 163 837 254 929 367 979 500 979 633 979 746 933 838 837 929 746 975 633 975 500 975 367 929 254 838 162M808 192C892 279 933 379 933 500 933 621 892 725 808 808 725 892 621 938 500 938 379 938 279 896 196 808 113 725 67 621 67 500 67 379 108 279 196 192 279 108 383 62 500 62 621 62 721 108 808 192M438 392V642L642 517 438 392Z\"><\/path><\/svg>\t\t\t\t\t\t\t<span class=\"elementor-screen-only\">Play Video<\/span>\n\t\t\t\t\t\t<\/div>\n\t\t\t\t\t\t\t\t\t<\/div>\n\t\t\t\t\t<\/div>\n\t\t\t\t<\/div>\n\t\t\t\t<\/div>\n\t\t\t\t<div class=\"elementor-element elementor-element-eab3bc1 elementor-widget elementor-widget-ashtanga_core_image_with_text\" data-id=\"eab3bc1\" data-element_type=\"widget\" data-widget_type=\"ashtanga_core_image_with_text.default\">\n\t\t\t\t<div class=\"elementor-widget-container\">\n\t\t\t<div class=\"qodef-shortcode qodef-m  qodef-image-with-text qodef-layout--text-below  \">\n\t\t<div class=\"qodef-m-content\">\n\t\t\t<h4 class=\"qodef-m-title\" style=\"color: #242E56\">\n\t\t\t\t\t<a itemprop=\"url\" href=\"https:\/\/www.youtube.com\/watch?v=f6MDfpY9AZA&#038;ab_channel=l%27EffetPardon-lefilm\" target=\"_self\">\n\t\t\t\t\tL&#039;effet Pardon de Denis-Fabien Corlin\t\t\t\t\t<\/a>\n\t\t\t<\/h4>\n\t\t\t<p class=\"qodef-m-text\" style=\"color: #242E56\">L&#039;Effet Pardon&quot; est un documentaire qui interroge l\u2019approche du pardon ve\u0301cue a\u0300 travers les Cercles de pardon, rituel lai\u0308c qui propose une expe\u0301rience et une vision conside\u0301rant le pardon comme un cadeau a\u0300 soi favorisant la gu\u00e9rison des blessures du c\u0153ur, loin des repr\u00e9sentations religieuses . Une opportunite\u0301 de se libe\u0301rer du poids des poisons que constituent les col\u00e8res, les tristesses, les ranc\u0153urs etc...<\/p>\n\t<\/div>\n<\/div>\n\t\t<\/div>\n\t\t\t\t<\/div>\n\t\t\t\t<div class=\"elementor-element elementor-element-20218d1 elementor-widget elementor-widget-ashtanga_core_image_with_text\" data-id=\"20218d1\" data-element_type=\"widget\" data-widget_type=\"ashtanga_core_image_with_text.default\">\n\t\t\t\t<div class=\"elementor-widget-container\">\n\t\t\t<div class=\"qodef-shortcode qodef-m  qodef-image-with-text qodef-layout--text-below  \">\n\t<div class=\"qodef-m-image\">\n\t\t\t<a itemprop=\"url\" href=\"https:\/\/www.cerclesdepardon.fr\/\" target=\"_self\">\n\t\t\t<img loading=\"lazy\" decoding=\"async\" width=\"654\" height=\"439\" src=\"https:\/\/www.de-terre-en-etoiles.com\/wp-content\/uploads\/2024\/04\/Cercle-de-pardon-2.png\" class=\"attachment-full size-full\" alt=\"\" srcset=\"https:\/\/www.de-terre-en-etoiles.com\/wp-content\/uploads\/2024\/04\/Cercle-de-pardon-2.png 654w, https:\/\/www.de-terre-en-etoiles.com\/wp-content\/uploads\/2024\/04\/Cercle-de-pardon-2-300x201.png 300w\" sizes=\"(max-width: 654px) 100vw, 654px\" \/>\t\t\t<\/a>\n\t<\/div>\n\t<div class=\"qodef-m-content\">\n\t\t\t<h4 class=\"qodef-m-title\" style=\"color: #242E56\">\n\t\t\t\t\t<a itemprop=\"url\" href=\"https:\/\/www.cerclesdepardon.fr\/\" target=\"_self\">\n\t\t\t\t\tCercles de Pardon\t\t\t\t\t<\/a>\n\t\t\t<\/h4>\n\t\t\t<p class=\"qodef-m-text\" style=\"color: #242E56\">Cet atelier vise donc \u00e0 la fois \u00e0 red\u00e9finir cette notion, d\u2019une mani\u00e8re tr\u00e8s porteuse d\u2019espoir, et \u00e0 en offrir une exp\u00e9rience \u00e0 chaque participant. C\u2019est avant tout un processus \u00e0 vivre.<\/p>\n\t<\/div>\n<\/div>\n\t\t<\/div>\n\t\t\t\t<\/div>\n\t\t\t\t<div class=\"elementor-element elementor-element-c35d242 elementor-widget elementor-widget-ashtanga_core_image_with_text\" data-id=\"c35d242\" data-element_type=\"widget\" data-widget_type=\"ashtanga_core_image_with_text.default\">\n\t\t\t\t<div class=\"elementor-widget-container\">\n\t\t\t<div class=\"qodef-shortcode qodef-m  qodef-image-with-text qodef-layout--text-below  \">\n\t<div class=\"qodef-m-image\">\n\t\t\t<a itemprop=\"url\" href=\"https:\/\/www.helloasso.com\/associations\/association-pardon-international\" target=\"_self\">\n\t\t\t<img loading=\"lazy\" decoding=\"async\" width=\"654\" height=\"439\" src=\"https:\/\/www.de-terre-en-etoiles.com\/wp-content\/uploads\/2024\/04\/API-3.png\" class=\"attachment-full size-full\" alt=\"\" srcset=\"https:\/\/www.de-terre-en-etoiles.com\/wp-content\/uploads\/2024\/04\/API-3.png 654w, https:\/\/www.de-terre-en-etoiles.com\/wp-content\/uploads\/2024\/04\/API-3-300x201.png 300w\" sizes=\"(max-width: 654px) 100vw, 654px\" \/>\t\t\t<\/a>\n\t<\/div>\n\t<div class=\"qodef-m-content\">\n\t\t\t<h4 class=\"qodef-m-title\" style=\"color: #242E56\">\n\t\t\t\t\t<a itemprop=\"url\" href=\"https:\/\/www.helloasso.com\/associations\/association-pardon-international\" target=\"_self\">\n\t\t\t\t\tAPI - Association Pardon international\t\t\t\t\t<\/a>\n\t\t\t<\/h4>\n\t\t\t<p class=\"qodef-m-text\" style=\"color: #242E56\">L&#039;Association Pardon International vise a soutenir la diffusion du Pardon dans le monde.<\/p>\n\t<\/div>\n<\/div>\n\t\t<\/div>\n\t\t\t\t<\/div>\n\t\t\t\t<\/div>\n\t\t\t\t\t<\/div>\n\t\t\t\t<\/div>\n\t\t<div class=\"elementor-element elementor-element-8192187 e-flex e-con-boxed e-con e-parent\" data-id=\"8192187\" data-element_type=\"container\" data-settings=\"{&quot;content_width&quot;:&quot;boxed&quot;}\" data-core-v316-plus=\"true\">\n\t\t\t\t\t<div class=\"e-con-inner\">\n\t\t\t\t\t<\/div>\n\t\t\t\t<\/div>\n\t\t\t\t<\/div>\n\t\t","protected":false},"excerpt":{"rendered":"<p>Ressources PRANAYU L&#039;Association Pranayu est une magnifique association qui vise \u00e0 collecter les savoirs aborig\u00e8nes ancestraux en Inde, prot\u00e9ger la sant\u00e9 par la biodiversit\u00e9 et la s\u00e9curit\u00e9 alimentaire, promouvoir l&#039;agro\u00e9cologie , \u00e9duquer et prot\u00e9ger les enfants ( projet d&#039;un orphelinat). Elle est une mine d&#039;informations sur l&#039;Ayurv\u00e9da et la nourriture v\u00e9dique. Une partie de mes [&hellip;]<\/p>\n","protected":false},"author":1,"featured_media":0,"parent":0,"menu_order":0,"comment_status":"closed","ping_status":"closed","template":"page-full-width.php","meta":{"footnotes":""},"class_list":["post-2604","page","type-page","status-publish","hentry"],"_links":{"self":[{"href":"https:\/\/www.de-terre-en-etoiles.com\/index.php\/wp-json\/wp\/v2\/pages\/2604","targetHints":{"allow":["GET"]}}],"collection":[{"href":"https:\/\/www.de-terre-en-etoiles.com\/index.php\/wp-json\/wp\/v2\/pages"}],"about":[{"href":"https:\/\/www.de-terre-en-etoiles.com\/index.php\/wp-json\/wp\/v2\/types\/page"}],"author":[{"embeddable":true,"href":"https:\/\/www.de-terre-en-etoiles.com\/index.php\/wp-json\/wp\/v2\/users\/1"}],"replies":[{"embeddable":true,"href":"https:\/\/www.de-terre-en-etoiles.com\/index.php\/wp-json\/wp\/v2\/comments?post=2604"}],"version-history":[{"count":193,"href":"https:\/\/www.de-terre-en-etoiles.com\/index.php\/wp-json\/wp\/v2\/pages\/2604\/revisions"}],"predecessor-version":[{"id":15529,"href":"https:\/\/www.de-terre-en-etoiles.com\/index.php\/wp-json\/wp\/v2\/pages\/2604\/revisions\/15529"}],"wp:attachment":[{"href":"https:\/\/www.de-terre-en-etoiles.com\/index.php\/wp-json\/wp\/v2\/media?parent=2604"}],"curies":[{"name":"wp","href":"https:\/\/api.w.org\/{rel}","templated":true}]}}